{"id":26,"date":"2023-12-14T11:11:16","date_gmt":"2023-12-14T11:11:16","guid":{"rendered":"https:\/\/optimizalia.net\/empresas\/?page_id=26"},"modified":"2026-01-27T13:32:14","modified_gmt":"2026-01-27T13:32:14","slug":"politica-de-privacidad","status":"publish","type":"page","link":"https:\/\/optimizalia.net\/empresas\/politica-de-privacidad\/","title":{"rendered":"Pol\u00edtica de privacidad"},"content":{"rendered":"\t\t<div data-elementor-type=\"wp-page\" data-elementor-id=\"26\" class=\"elementor elementor-26\" data-elementor-post-type=\"page\">\n\t\t\t\t<div class=\"elementor-element elementor-element-b8d8f92 e-flex e-con-boxed e-con e-parent\" data-id=\"b8d8f92\" data-element_type=\"container\">\n\t\t\t\t\t<div class=\"e-con-inner\">\n\t\t\t\t<div class=\"elementor-element elementor-element-651b874 elementor-widget elementor-widget-heading\" data-id=\"651b874\" data-element_type=\"widget\" data-widget_type=\"heading.default\">\n\t\t\t\t<div class=\"elementor-widget-container\">\n\t\t\t\t\t<h1 class=\"elementor-heading-title elementor-size-default\">Pol\u00edtica de privacidad<\/h1>\t\t\t\t<\/div>\n\t\t\t\t<\/div>\n\t\t\t\t<div class=\"elementor-element elementor-element-2831cde politica elementor-widget elementor-widget-text-editor\" data-id=\"2831cde\" data-element_type=\"widget\" data-widget_type=\"text-editor.default\">\n\t\t\t\t<div class=\"elementor-widget-container\">\n\t\t\t\t\t\t\t\t\t<p><span class=\"lazyloaded\"><strong>INFORMACI\u00d3N B\u00c1SICA SOBRE EL TRATAMIENTO DE LOS DATOS PERSONALES<\/strong><\/span><\/p><table class=\"wp-block-table is-style-stripes\" width=\"690\"><tbody><tr><td width=\"109\"><strong>CORRESPONSABLES<\/strong><\/td><td width=\"581\"><strong>*<\/strong>\u00a0Marketskills Formaci\u00f3n SL (en adelante, \u201cOptimizalia\u201d)<\/td><\/tr><tr><td width=\"109\"><p><strong>\u00a0<\/strong><\/p><p><strong>FINALIDADES<\/strong><\/p><p><strong>Y<\/strong><\/p><p><strong>LEGITIMACI\u00d3N<\/strong><\/p><\/td><td width=\"581\"><p>Si prestas tu consentimiento, nos pondremos en contacto contigo para ofrecerte, por cualquier medio de comunicaci\u00f3n (incluidos, entre otros, el correo electr\u00f3nico, el SMS, Whatssap y las llamadas telef\u00f3nicas), informaci\u00f3n sobre productos y servicios prestados por Optimizalia.<\/p><p>Tambi\u00e9n podremos, en su caso, tratar tus datos para dar cumplimiento a las obligaciones legales aplicables, siendo la base de legitimaci\u00f3n precisamente el cumplimiento de dichas obligaciones.<\/p><\/td><\/tr><tr><td width=\"109\"><strong>DESTINATARIOS<\/strong><\/td><td width=\"581\">Podr\u00e1n tener acceso a los datos personales los proveedores de servicios que Optimizalia contrate o pueda contratar y que tengan la condici\u00f3n de encargados del tratamiento. Asimismo, tus datos personales podr\u00e1n ser cedidos a Administraciones, Autoridades y Organismos P\u00fablicos, incluidos Juzgados y Tribunales, cuando as\u00ed lo exija la normativa aplicable.<\/td><\/tr><tr><td width=\"109\"><strong>DERECHOS<\/strong><\/td><td width=\"581\">Acceso, rectificaci\u00f3n, cancelaci\u00f3n, retirada del consentimiento, limitaci\u00f3n del tratamiento y portabilidad de los datos en los casos y con el alcance que establezca la normativa aplicable en cada momento, por correo electr\u00f3nico a la direcci\u00f3n solicitudeslopd@optimizalia.net o por carta a calle del roble n\u00ba 55, 23005 JAEN a la atenci\u00f3n\u00a0 Departamento LOPD<\/td><\/tr><tr><td width=\"109\"><strong>INFORMACI\u00d3N ADICIONAL<\/strong><\/td><td width=\"581\"><p class=\"nitro-offscreen\">Puede consultar m\u00e1s informaci\u00f3n sobre la pol\u00edtica de protecci\u00f3n de datos en la web\u00a0<a href=\"http:\/\/www.optimizalia.net\/proteccion\">www.optimizalia.net\/proteccion<\/a>dedatos<\/p><\/td><\/tr><\/tbody><\/table><p><strong>INFORMACI\u00d3N DETALLADA SOBRE EL TRATAMIENTO DE LOS DATOS PERSONALES<\/strong><\/p><p><strong>1- \u00bfQui\u00e9n puede tratar tus datos?<\/strong><br \/>Las siguientes empresas tratar\u00e1n tus datos personales en calidad de \u201cCorresponsables del tratamiento\u201d, salvo para aquellos tratamientos que deban realizarse para cumplir con las condiciones o servicios particulares de un producto o servicio concreto contratado con una de ellas, en cuyo caso ser\u00e1n consideradas independientemente \u201cResponsables del tratamiento\u201d:<\/p><p>Marketskills Formaci\u00f3n SL. Los aspectos esenciales de este acuerdo est\u00e1n a tu disposici\u00f3n, si as\u00ed lo solicitas.<\/p><p><strong>2- \u00bfPara qu\u00e9 trataremos los datos y sobre qu\u00e9 base de legitimaci\u00f3n?<\/strong><br \/>Si has prestado tu consentimiento, podremos ofrecerte, por cualquier medio de comunicaci\u00f3n (incluidos, entre otros, el correo electr\u00f3nico, Whatssapp, el SMS y las llamadas telef\u00f3nicas), informaci\u00f3n sobre productos y servicios prestados por Optimizalia.<\/p><p>Tus datos tambi\u00e9n podr\u00e1n ser tratados para cumplir con cualquier tipo de obligaci\u00f3n legal, as\u00ed como para atender requerimientos judiciales o de la Comisi\u00f3n Nacional de los Mercados y la Competencia o de la Agencia Espa\u00f1ola de Protecci\u00f3n de Datos, entre otras obligaciones legales.<\/p><p><strong>3- \u00bfDurante cu\u00e1nto tiempo conservaremos tus datos?<\/strong><br \/>Si has prestado tu consentimiento para recibir publicidad sobre productos y servicios de Optimizalia, tus datos ser\u00e1n conservados mientras no retires tu consentimiento prestado \u2013a trav\u00e9s de los canales se\u00f1alados en el apartado 7-, o durante un plazo m\u00e1ximo de dos (2) a\u00f1os.<\/p><p>No obstante, si contratas un producto o servicio de Optimizalia y te conviertes en cliente, tus datos ser\u00e1n conservados durante la vigencia de la relaci\u00f3n contractual. En ese caso, superado ese tiempo, y una vez vencida cualquier deuda o carga que pudiera existir, los datos se conservaran en estado de bloqueo durante 6 a\u00f1os, de acuerdo con el plazo de prescripci\u00f3n de la obligaci\u00f3n de conservar documentaci\u00f3n mercantil y contable. Finalizado ese periodo, los datos ser\u00e1n definitivamente cancelados.<\/p><p><strong>4-\u00bfTratamos datos de menores?<\/strong><br \/>En Optimizalia se vela por el uso adecuado de los datos de los menores, garantizando el respeto a las leyes que les sean aplicables y utilizando las medidas que en su caso resulten razonablemente oportunas, y, por ello, no se recaban datos personales de menores de edad sin el consentimiento previo de sus padres, tutores o representantes legales.<\/p><p><strong>5- \u00bfQu\u00e9 medidas de seguridad se aplican?<\/strong><br \/>Optimizalia, con el objetivo de hacer efectiva y eficaz su Pol\u00edtica de Protecci\u00f3n de Datos, ha adoptado las medidas de seguridad de \u00edndole t\u00e9cnica y organizativa que razonablemente son necesarias para evitar la alteraci\u00f3n, p\u00e9rdida, mal uso, tratamiento y acceso no autorizado o robo de los mismos, en funci\u00f3n del estado de la tecnolog\u00eda, para todos los canales en los que se pueden tratar datos de car\u00e1cter personal, incluyendo, por tanto, todas las p\u00e1ginas web, los servicios de atenci\u00f3n telef\u00f3nica y los canales presenciales.<\/p><p><strong>6- \u00bfQu\u00e9 informaci\u00f3n compartimos con terceros?<\/strong><br \/>Tus datos personales podr\u00e1n ser cedidos a Administraciones, Autoridades y Organismos P\u00fablicos, incluidos Juzgados y Tribunales, cuando as\u00ed lo exija la normativa aplicable.<\/p><p>Podr\u00e1n tener acceso a tus datos personales los proveedores de servicios que Optimizalia contrate o pueda contratar y que tengan la condici\u00f3n de Encargados del tratamiento, los cuales realizar\u00e1n los tratamientos de datos personales necesarios para prestarte los servicios contratados o hacerte entrega del producto comprado siguiendo las instrucciones que Optimizalia considere oportunas y garantizando, en todo momento, la confidencialidad, seguridad y secreto de la informaci\u00f3n a la que tengan acceso. Estos terceros nos podr\u00e1n ayudar, por ejemplo, en la prestaci\u00f3n de servicios relacionados con: ventas, atenci\u00f3n al cliente, recobro, marketing y publicidad y servicios profesionales.<\/p><p><strong>7- \u00bfQu\u00e9 derechos tienes en relaci\u00f3n con el tratamiento de tus datos personales?<\/strong><br \/>La normativa de protecci\u00f3n de datos recoge los siguientes derechos en relaci\u00f3n con el tratamiento de tus datos personales que podr\u00e1n ejercerse frente y, en contra, de cada uno de los responsables.<\/p><ul><li>Acceso: permite confirmar si estamos tratando tus datos personales y, de ser as\u00ed, cu\u00e1les.<\/li><li>Rectificaci\u00f3n: permite que nos ayudes a corregir errores y modificar los datos que puedan resultar inexactos o incompletos.<\/li><li>Supresi\u00f3n: permite que puedas solicitar el borrado de tus datos, lo que conllevar\u00e1 que Optimizalia deje de tratarlos a no ser que exista una obligaci\u00f3n legal para su conservaci\u00f3n, en cuyo caso quedar\u00e1n debidamente bloqueados, o prevalezcan otros motivos leg\u00edtimos para que los tratemos.<\/li><li>Oposici\u00f3n: permite que nos solicites que dejemos de tratar tus datos personales sobre los que consideramos que tenemos un inter\u00e9s leg\u00edtimo para su tratamiento, por ejemplo, sobre la base de tus expectativas como cliente, como sucede en la realizaci\u00f3n de ofertas de productos y servicios, En Optimizalia dejaremos de tratar tus datos, salvo que concurran motivos leg\u00edtimos imperiosos, o resulte necesario para atender reclamaciones o ejercer la defensa frente a acciones administrativas o judiciales, en cuyo caso permanecer\u00e1n debidamente bloqueados.<\/li><li>Limitaci\u00f3n del tratamiento: Podr\u00e1s solicitar a Optimizalia la limitaci\u00f3n del tratamiento de tus datos en los siguientes casos:<ul><li>Mientras se comprueba una impugnaci\u00f3n de la exactitud de tus datos que nos hayas formulado.<\/li><li>Cuando el tratamiento sea il\u00edcito, pero te opongas a la supresi\u00f3n de tus datos.<\/li><li>Cuando Optimizalia no necesite tratar tus datos, pero t\u00fa los necesites para el ejercicio o la defensa de reclamaciones.<\/li><li>Cuando te hayas opuesto al tratamiento de tus datos para el cumplimiento de una misi\u00f3n de inter\u00e9s p\u00fablico o para la satisfacci\u00f3n de un inter\u00e9s leg\u00edtimo, mientras se verifica si los motivos leg\u00edtimos para el tratamiento prevalecen sobre los tuyos.<\/li><\/ul><\/li><li>Portabilidad: permite que recibas tus datos personales en un formato estructurado, de uso com\u00fan y lectura mec\u00e1nica para que puedas transmitirlos a otro responsable del tratamiento.<\/li><li>Revocaci\u00f3n del consentimiento:permite que tus datos dejen de tratarse para una finalidad que previamente autorizaste, por ejemplo, la recepci\u00f3n de comunicaciones comerciales de terceras empresas con las que colaboramos.<\/li><\/ul><p>Para ejercer estos derechos podr\u00e1s dirigirte a Optimizalia por alguno de los siguientes canales:<\/p><ul><li>Correo postal, adjuntando fotocopia de tu D.N.I., pasaporte o cualquier otro documento identificativo, y petici\u00f3n en que se concrete la solicitud calle del roble 55 23005 JAEN a la atenci\u00f3n Departamento LOPD. Correo electr\u00f3nico a la direcci\u00f3n solicitudeslopd@Optimizalia.net, con la siguiente informaci\u00f3n: nombre y apellidos del interesado, domicilio a efectos de notificaciones, fotocopia del Documento Nacional de Identidad, pasaporte o cualquier otro documento identificativo, y petici\u00f3n en que se concrete la solicitud.<\/li><\/ul><p>Por otro lado, te recordamos que la normativa en vigor te permite presentar una reclamaci\u00f3n ante la Agencia Espa\u00f1ola de Protecci\u00f3n de Datos, cuyos datos de contacto son los siguientes:<br \/>Agencia Espa\u00f1ola de Protecci\u00f3n d Datos<br \/>Calle Jorge Juan, 6 \u2013 CP: 28001, Madrid.<br \/>Tel\u00e9fonos: 901 100 099 \/ 91 266 35 17<\/p><p><strong>8- \u00bfCu\u00e1l es el origen de tus datos?<\/strong><br \/>Los datos personales objeto de tratamiento son los que facilites en este formulario de contacto.<\/p><p><strong>9- \u00bfC\u00f3mo puedo contactar con el Delegado de Protecci\u00f3n de Datos de Optimizalia?<\/strong><br \/>Optimizalia, forma parte de marketskills formaci\u00f3n SL, ha nombrado un Delegado de Protecci\u00f3n de Datos.<\/p><p>Si tienes cualquier duda en relaci\u00f3n con las finalidades del tratamiento de tus datos personales por parte de Optimizalia, sobre su legitimidad o sobre cualquier otra cuesti\u00f3n relativa a la protecci\u00f3n de datos personales, puedes contactar con nuestro Delegado de Protecci\u00f3n de Datos mediante correo postal dirigi\u00e9ndote a la siguiente direcci\u00f3n: calle del roble 55 23005 JAEN, o enviando un correo electr\u00f3nico a la siguiente direcci\u00f3n de correo electr\u00f3nico: dpoc@Optimizalia.es.<\/p><p><strong>10- Pol\u00edtica de Protecci\u00f3n de Datos general.<\/strong><br \/>Si deseas obtener m\u00e1s informaci\u00f3n sobre el tratamiento de datos, m\u00e1s all\u00e1 del que se lleva a cabo a trav\u00e9s de los datos obtenidos en este formulario de contacto, puedes consultar la Pol\u00edtica de Protecci\u00f3n de Datos general en\u00a0www.Optimizalia.net.<\/p>\t\t\t\t\t\t\t\t<\/div>\n\t\t\t\t<\/div>\n\t\t\t\t\t<\/div>\n\t\t\t\t<\/div>\n\t\t\t\t<\/div>\n\t\t","protected":false},"excerpt":{"rendered":"<p>INFORMACI\u00d3N B\u00c1SICA SOBRE EL TRATAMIENTO DE LOS DATOS PERSONALES CORRESPONSABLES *\u00a0Marketskills Formaci\u00f3n SL (en adelante, \u201cOptimizalia\u201d) \u00a0 FINALIDADES Y LEGITIMACI\u00d3N Si prestas tu consentimiento, nos pondremos en contacto contigo para ofrecerte, por cualquier medio de comunicaci\u00f3n (incluidos, entre otros, el correo electr\u00f3nico, el SMS, Whatssap y las llamadas telef\u00f3nicas), informaci\u00f3n sobre productos y servicios prestados [&hellip;]<\/p>\n","protected":false},"author":1,"featured_media":0,"parent":0,"menu_order":0,"comment_status":"closed","ping_status":"closed","template":"elementor_header_footer","meta":{"footnotes":""},"class_list":["post-26","page","type-page","status-publish","hentry"],"_links":{"self":[{"href":"https:\/\/optimizalia.net\/empresas\/wp-json\/wp\/v2\/pages\/26","targetHints":{"allow":["GET"]}}],"collection":[{"href":"https:\/\/optimizalia.net\/empresas\/wp-json\/wp\/v2\/pages"}],"about":[{"href":"https:\/\/optimizalia.net\/empresas\/wp-json\/wp\/v2\/types\/page"}],"author":[{"embeddable":true,"href":"https:\/\/optimizalia.net\/empresas\/wp-json\/wp\/v2\/users\/1"}],"replies":[{"embeddable":true,"href":"https:\/\/optimizalia.net\/empresas\/wp-json\/wp\/v2\/comments?post=26"}],"version-history":[{"count":10,"href":"https:\/\/optimizalia.net\/empresas\/wp-json\/wp\/v2\/pages\/26\/revisions"}],"predecessor-version":[{"id":1232,"href":"https:\/\/optimizalia.net\/empresas\/wp-json\/wp\/v2\/pages\/26\/revisions\/1232"}],"wp:attachment":[{"href":"https:\/\/optimizalia.net\/empresas\/wp-json\/wp\/v2\/media?parent=26"}],"curies":[{"name":"wp","href":"https:\/\/api.w.org\/{rel}","templated":true}]}}